{"id":1155,"date":"2026-03-22T11:13:33","date_gmt":"2026-03-22T11:13:33","guid":{"rendered":"https:\/\/instantdecobymathilde.fr\/index.php\/crafting-spaces-you-love-to-live-in\/"},"modified":"2026-03-22T12:40:38","modified_gmt":"2026-03-22T12:40:38","slug":"crafting-spaces-you-love-to-live-in","status":"publish","type":"page","link":"https:\/\/instantdecobymathilde.fr\/index.php\/crafting-spaces-you-love-to-live-in\/","title":{"rendered":"DE L&rsquo;INSPIRATION \u00c0 LA R\u00c9ALIT\u00c9"},"content":{"rendered":"","protected":false},"excerpt":{"rendered":"","protected":false},"author":1,"featured_media":1156,"parent":0,"menu_order":0,"comment_status":"closed","ping_status":"closed","template":"","meta":{"footnotes":""},"class_list":["post-1155","page","type-page","status-publish","has-post-thumbnail","hentry"],"_links":{"self":[{"href":"https:\/\/instantdecobymathilde.fr\/index.php\/wp-json\/wp\/v2\/pages\/1155","targetHints":{"allow":["GET"]}}],"collection":[{"href":"https:\/\/instantdecobymathilde.fr\/index.php\/wp-json\/wp\/v2\/pages"}],"about":[{"href":"https:\/\/instantdecobymathilde.fr\/index.php\/wp-json\/wp\/v2\/types\/page"}],"author":[{"embeddable":true,"href":"https:\/\/instantdecobymathilde.fr\/index.php\/wp-json\/wp\/v2\/users\/1"}],"replies":[{"embeddable":true,"href":"https:\/\/instantdecobymathilde.fr\/index.php\/wp-json\/wp\/v2\/comments?post=1155"}],"version-history":[{"count":3,"href":"https:\/\/instantdecobymathilde.fr\/index.php\/wp-json\/wp\/v2\/pages\/1155\/revisions"}],"predecessor-version":[{"id":1212,"href":"https:\/\/instantdecobymathilde.fr\/index.php\/wp-json\/wp\/v2\/pages\/1155\/revisions\/1212"}],"wp:featuredmedia":[{"embeddable":true,"href":"https:\/\/instantdecobymathilde.fr\/index.php\/wp-json\/wp\/v2\/media\/1156"}],"wp:attachment":[{"href":"https:\/\/instantdecobymathilde.fr\/index.php\/wp-json\/wp\/v2\/media?parent=1155"}],"curies":[{"name":"wp","href":"https:\/\/api.w.org\/{rel}","templated":true}]}}